{"id":148,"date":"2024-08-20T16:00:45","date_gmt":"2024-08-20T16:00:45","guid":{"rendered":"https:\/\/www.elcos.dk\/?page_id=148"},"modified":"2024-08-20T16:00:45","modified_gmt":"2024-08-20T16:00:45","slug":"brugbare-links","status":"publish","type":"page","link":"https:\/\/www.elcos.dk\/?page_id=148","title":{"rendered":"Brugbare links"},"content":{"rendered":"\n<p>Nedenfor vil du finde links til sider som er brugbare for din start og studie p\u00e5 ECE.<\/p>\n\n\n\n<p><a href=\"https:\/\/studerende.au.dk\/\">Her<\/a> kan du finde AU&#8217;s studieportal hvor du kan finde alt praktisk information omkring dit studie og studiestarten, fx hvordan du anskaffer dig et studiekort og f\u00e5r det aktiveret. Du kan finde siden for din specifikke uddannelse i listen under Technical Sciences. <\/p>\n\n\n\n<p><a href=\"http:\/\/brightspace.au.dk\/\">Her<\/a> finder du BrightSpace, hvor du kan finde dine kurser og alt materiale til de kurser du f\u00f8lger, samt her du kan se deadline for afleveringer og aflevere dem. <\/p>\n\n\n\n<p>P\u00e5 <a href=\"https:\/\/mitstudie.au.dk\/\">MitStudie<\/a> vil du kunne se dit skema, hvilke lokale din undervisninger er i, samt hvilket hold du er p\u00e5. P\u00e5 MitStudie finder du bla. ogs\u00e5 genveje til STADS, hvor du kan se dine karakterer, samt undervisning og eksamenstilmelding. Du finder derudover genveje til din mail, post.au.dk samt WiseFlow hvor du aflevere din eksaminer. <\/p>\n\n\n\n<p>P\u00e5 MitStudie, er der desunden direkte link til din studieportal og en hel masse genveje til bla. studievejledning, kontakt til studieservice eller information om hvordan du bestiller studiekort eller dine muligheder for udlandsophold. Kort sagt er MitStudie en god portal for dig som studerende at finde informationer om dit studie. <\/p>\n\n\n\n<p><\/p>\n\n\n\n<p><a href=\"https:\/\/www.au.dk\/om\/organisation\/find-au\/bygningskort\">Her<\/a> kan du finde kort over lokaler og bygninger. Hvis du har en iPhone kan du desuden downloade appen AuFind som ud fra et bygningsnr. viser dig hvor bygningen ligger, super god at bruge til at finde vej p\u00e5 farten. Har du Android s\u00e5 pr\u00f8v at skrive bygningsnummeret i Google Maps, den kan ogs\u00e5 vise dig vej i mange tilf\u00e6lde. <\/p>\n","protected":false},"excerpt":{"rendered":"<p>Nedenfor vil du finde links til sider som er brugbare for din start og studie p\u00e5 ECE. Her kan du finde AU&#8217;s studieportal hvor du kan finde alt praktisk information omkring dit studie og studiestarten, fx hvordan du anskaffer dig et studiekort og f\u00e5r det aktiveret. Du kan finde siden for din specifikke uddannelse i [&hellip;]<\/p>\n","protected":false},"author":1,"featured_media":0,"parent":0,"menu_order":0,"comment_status":"closed","ping_status":"closed","template":"","meta":{"footnotes":""},"class_list":["post-148","page","type-page","status-publish","hentry"],"_links":{"self":[{"href":"https:\/\/www.elcos.dk\/index.php?rest_route=\/wp\/v2\/pages\/148","targetHints":{"allow":["GET"]}}],"collection":[{"href":"https:\/\/www.elcos.dk\/index.php?rest_route=\/wp\/v2\/pages"}],"about":[{"href":"https:\/\/www.elcos.dk\/index.php?rest_route=\/wp\/v2\/types\/page"}],"author":[{"embeddable":true,"href":"https:\/\/www.elcos.dk\/index.php?rest_route=\/wp\/v2\/users\/1"}],"replies":[{"embeddable":true,"href":"https:\/\/www.elcos.dk\/index.php?rest_route=%2Fwp%2Fv2%2Fcomments&post=148"}],"version-history":[{"count":1,"href":"https:\/\/www.elcos.dk\/index.php?rest_route=\/wp\/v2\/pages\/148\/revisions"}],"predecessor-version":[{"id":149,"href":"https:\/\/www.elcos.dk\/index.php?rest_route=\/wp\/v2\/pages\/148\/revisions\/149"}],"wp:attachment":[{"href":"https:\/\/www.elcos.dk\/index.php?rest_route=%2Fwp%2Fv2%2Fmedia&parent=148"}],"curies":[{"name":"wp","href":"https:\/\/api.w.org\/{rel}","templated":true}]}}