{"id":21,"date":"2024-07-25T14:43:12","date_gmt":"2024-07-25T14:43:12","guid":{"rendered":"https:\/\/www.elcos.dk\/?page_id=21"},"modified":"2026-03-08T12:15:54","modified_gmt":"2026-03-08T12:15:54","slug":"rustur","status":"publish","type":"page","link":"https:\/\/www.elcos.dk\/?page_id=21","title":{"rendered":"Rustur"},"content":{"rendered":"\n<p><\/p>\n\n\n\n<p>For mange vil rusturen kunne beskrives som en af de sjoveste og mest mindev\u00e6rdige weekender i forbindelse med deres studieliv. Der er garanti for at kunne l\u00e6re dine medstuderende at kende og udvide jeres netv\u00e6rk med studerende fra de \u00f8vrige studieretninger p\u00e5 ECE.<br><br>Rusturen bliver for sommeren 2026 afholdt ved Friluftscenter Sletten i Ry. Der vil v\u00e6re afgang fra Katrinebjerg ved skolen kl. 9:00, s\u00e5 kom gerne i god tid s\u00e5 du ikke misser bussen.<\/p>\n\n\n\n<p>Under hele turen vil k\u00f8kkenudvalget fra ElCoS s\u00f8rge for morgenmad, frokost, aftensmad, lidt snacks og masser af underholdning. Desuden vil der v\u00e6re en bar med et bredt udvalg af drikkevarer med og uden alkohol.<br><br>Under hele turen vil der v\u00e6re ansvarlige tutorer, som varetager sikkerheden og har bil til r\u00e5dighed ved n\u00f8dsituationer.<br><br><\/p>\n\n\n\n<h3 class=\"wp-block-heading\">Pakkeliste<\/h3>\n\n\n\n<ul class=\"wp-block-list\">\n<li>En kuglepen til busturen\u200b <\/li>\n\n\n\n<li>Gode sp\u00f8rgsm\u00e5l til \u201dH\u00f8r en ingeni\u00f8r\u201d <\/li>\n\n\n\n<li>Sovepose \u2013 VIGTIGT\u200b\u200b <\/li>\n\n\n\n<li>Hovedpude\u200b <\/li>\n\n\n\n<li>Lagen\u200b <\/li>\n\n\n\n<li>Toiletsager\u200b <\/li>\n\n\n\n<li>H\u00e5ndkl\u00e6de\u200b <\/li>\n\n\n\n<li>Praktisk t\u00f8j (varmt, koldt, regnt\u00f8j)\u200b <\/li>\n\n\n\n<li>Medicin (allergi mm.)\u200b <\/li>\n\n\n\n<li>Telefon med mobilepay til baren\u200b <\/li>\n\n\n\n<li>Vandflaske <\/li>\n\n\n\n<li>Udkl\u00e6dning til fredag <\/li>\n\n\n\n<li>P\u00e6nt t\u00f8j til galla l\u00f8rdag<\/li>\n<\/ul>\n\n\n\n<h3 class=\"wp-block-heading has-text-align-center\">Programmet for rusturen<\/h3>\n\n\n\n<p>To be determined<\/p>\n","protected":false},"excerpt":{"rendered":"<p>For mange vil rusturen kunne beskrives som en af de sjoveste og mest mindev\u00e6rdige weekender i forbindelse med deres studieliv. Der er garanti for at kunne l\u00e6re dine medstuderende at kende og udvide jeres netv\u00e6rk med studerende fra de \u00f8vrige studieretninger p\u00e5 ECE. Rusturen bliver for sommeren 2026 afholdt ved Friluftscenter Sletten i Ry. Der [&hellip;]<\/p>\n","protected":false},"author":1,"featured_media":0,"parent":0,"menu_order":0,"comment_status":"closed","ping_status":"closed","template":"","meta":{"footnotes":""},"class_list":["post-21","page","type-page","status-publish","hentry"],"_links":{"self":[{"href":"https:\/\/www.elcos.dk\/index.php?rest_route=\/wp\/v2\/pages\/21","targetHints":{"allow":["GET"]}}],"collection":[{"href":"https:\/\/www.elcos.dk\/index.php?rest_route=\/wp\/v2\/pages"}],"about":[{"href":"https:\/\/www.elcos.dk\/index.php?rest_route=\/wp\/v2\/types\/page"}],"author":[{"embeddable":true,"href":"https:\/\/www.elcos.dk\/index.php?rest_route=\/wp\/v2\/users\/1"}],"replies":[{"embeddable":true,"href":"https:\/\/www.elcos.dk\/index.php?rest_route=%2Fwp%2Fv2%2Fcomments&post=21"}],"version-history":[{"count":35,"href":"https:\/\/www.elcos.dk\/index.php?rest_route=\/wp\/v2\/pages\/21\/revisions"}],"predecessor-version":[{"id":572,"href":"https:\/\/www.elcos.dk\/index.php?rest_route=\/wp\/v2\/pages\/21\/revisions\/572"}],"wp:attachment":[{"href":"https:\/\/www.elcos.dk\/index.php?rest_route=%2Fwp%2Fv2%2Fmedia&parent=21"}],"curies":[{"name":"wp","href":"https:\/\/api.w.org\/{rel}","templated":true}]}}