{"id":429,"date":"2025-09-25T13:48:44","date_gmt":"2025-09-25T13:48:44","guid":{"rendered":"https:\/\/www.elcos.dk\/?page_id=429"},"modified":"2026-02-12T16:24:46","modified_gmt":"2026-02-12T16:24:46","slug":"elcos-optag","status":"publish","type":"page","link":"https:\/\/www.elcos.dk\/?page_id=429","title":{"rendered":"ElCoS optag"},"content":{"rendered":"\n<h4 class=\"wp-block-heading\"><strong>Bliv en del af ElCoS-f\u00e6llesskabet <\/strong><br><strong>\u2013 og v\u00e6r med til at give nye studerende den bedste start.<\/strong><\/h4>\n\n\n\n<p>Dette semesters (V26) optag vil ske torsdag d. <strong>19. februar<\/strong> <strong>kl 16:30-18:00 i lokale 5122-122! <\/strong><\/p>\n\n\n\n<p>Dr\u00f8mmer du om v\u00e6re tutor i ElCoS? Og er du \u00e9n, der\u2026<\/p>\n\n\n\n<ul class=\"wp-block-list\">\n<li>Skaber god stemning <\/li>\n\n\n\n<li>Elsker at tage ansvar og initiativ <\/li>\n\n\n\n<li>Vil v\u00e6re en del af et st\u00e6rkt f\u00e6llesskab <\/li>\n\n\n\n<li>Har lyst til at give de nye en uforglemmelig start<\/li>\n\n\n\n<li>Selv skaber \u2013 eller altid er klar p\u00e5 \u2013 sjove og sk\u00f8re id\u00e9er<\/li>\n\n\n\n<li>Savner rusturen og gerne vil genskabe den for de nye<\/li>\n\n\n\n<li>Ser brand godt ud i lilla<\/li>\n<\/ul>\n\n\n\n<p>S\u00e5 er det lige dig, vi leder efter! Vi holder optag hvert semester, s\u00e5 hold \u00f8je med denne side hvor dato og tidspunkter!<\/p>\n\n\n\n<p><\/p>\n\n\n\n<p>Vi holder en hyggelig og helt uformel aften med br\u00e6tspil, sodavand og masser af grin. Undervejs tager vi en lille snak med dig \u2013 bare for at h\u00f8re, hvem du er, og hvorfor du har lyst til at v\u00e6re en del af tutorholdet.<\/p>\n\n\n\n<p>Det kr\u00e6ver ingen forberedelse \u2013 bare kom som du er, og v\u00e6r klar p\u00e5 en sjov aften, hvor f\u00e6llesskab og nysgerrighed er i centrum.<br><\/p>\n\n\n\n<figure class=\"wp-block-image size-large is-style-rounded wp-duotone-unset-2 is-style-rounded--1\"><img loading=\"lazy\" decoding=\"async\" width=\"2268\" height=\"1701\" src=\"https:\/\/www.elcos.dk\/wp-content\/uploads\/2025\/09\/IMG_2940-edited.jpeg\" alt=\"\" class=\"wp-image-457\" srcset=\"https:\/\/www.elcos.dk\/wp-content\/uploads\/2025\/09\/IMG_2940-edited.jpeg 2268w, https:\/\/www.elcos.dk\/wp-content\/uploads\/2025\/09\/IMG_2940-edited-300x225.jpeg 300w, https:\/\/www.elcos.dk\/wp-content\/uploads\/2025\/09\/IMG_2940-edited-1024x768.jpeg 1024w, https:\/\/www.elcos.dk\/wp-content\/uploads\/2025\/09\/IMG_2940-edited-768x576.jpeg 768w, https:\/\/www.elcos.dk\/wp-content\/uploads\/2025\/09\/IMG_2940-edited-1536x1152.jpeg 1536w, https:\/\/www.elcos.dk\/wp-content\/uploads\/2025\/09\/IMG_2940-edited-2048x1536.jpeg 2048w\" sizes=\"auto, (max-width: 2268px) 100vw, 2268px\" \/><\/figure>\n","protected":false},"excerpt":{"rendered":"<p>Bliv en del af ElCoS-f\u00e6llesskabet \u2013 og v\u00e6r med til at give nye studerende den bedste start. Dette semesters (V26) optag vil ske torsdag d. 19. februar kl 16:30-18:00 i lokale 5122-122! Dr\u00f8mmer du om v\u00e6re tutor i ElCoS? Og er du \u00e9n, der\u2026 S\u00e5 er det lige dig, vi leder efter! Vi holder optag [&hellip;]<\/p>\n","protected":false},"author":1,"featured_media":0,"parent":0,"menu_order":0,"comment_status":"closed","ping_status":"closed","template":"","meta":{"footnotes":""},"class_list":["post-429","page","type-page","status-publish","hentry"],"_links":{"self":[{"href":"https:\/\/www.elcos.dk\/index.php?rest_route=\/wp\/v2\/pages\/429","targetHints":{"allow":["GET"]}}],"collection":[{"href":"https:\/\/www.elcos.dk\/index.php?rest_route=\/wp\/v2\/pages"}],"about":[{"href":"https:\/\/www.elcos.dk\/index.php?rest_route=\/wp\/v2\/types\/page"}],"author":[{"embeddable":true,"href":"https:\/\/www.elcos.dk\/index.php?rest_route=\/wp\/v2\/users\/1"}],"replies":[{"embeddable":true,"href":"https:\/\/www.elcos.dk\/index.php?rest_route=%2Fwp%2Fv2%2Fcomments&post=429"}],"version-history":[{"count":8,"href":"https:\/\/www.elcos.dk\/index.php?rest_route=\/wp\/v2\/pages\/429\/revisions"}],"predecessor-version":[{"id":564,"href":"https:\/\/www.elcos.dk\/index.php?rest_route=\/wp\/v2\/pages\/429\/revisions\/564"}],"wp:attachment":[{"href":"https:\/\/www.elcos.dk\/index.php?rest_route=%2Fwp%2Fv2%2Fmedia&parent=429"}],"curies":[{"name":"wp","href":"https:\/\/api.w.org\/{rel}","templated":true}]}}