{"id":43,"date":"2024-07-25T15:25:30","date_gmt":"2024-07-25T15:25:30","guid":{"rendered":"https:\/\/www.elcos.dk\/?page_id=43"},"modified":"2026-01-16T16:00:32","modified_gmt":"2026-01-16T16:00:32","slug":"events-i-loebet-af-semesteret","status":"publish","type":"page","link":"https:\/\/www.elcos.dk\/?page_id=43","title":{"rendered":"Arrangementer i l\u00f8bet af semesteret"},"content":{"rendered":"\n<p>Vi, ElCoS, har ogs\u00e5  planlagt en r\u00e6kke sp\u00e6ndende sociale events i l\u00f8bet af semesteret, som vi h\u00e5ber, I vil v\u00e6re med til at deltage i. <\/p>\n\n\n\n<p>Disse events vil omfatte forskellige sociale aktiviteter, hvor I har muligheden for at komme endnu t\u00e6ttere p\u00e5 jeres medstuderende, hygge jer og nyde en pause fra studierne. Vi h\u00e5ber p\u00e5 at disse events kan hj\u00e6lpe til, at styrke f\u00e6llesskabet og skabe gode minder sammen, ikke kun i studiestarten men ogs\u00e5 resten af jeres studietid.<\/p>\n\n\n\n<p>Derudover vil vi have &#8220;klassens time&#8221; en gang om ugen, hvor I har mulighed for at stille os sp\u00f8rgsm\u00e5l, diskutere, hvordan det g\u00e5r, og f\u00e5 st\u00f8tte fra b\u00e5de tutorer og medstuderende. Det er en fantastisk chance for at f\u00e5 svar p\u00e5 praktiske sp\u00f8rgsm\u00e5l og dele erfaringer.<\/p>\n\n\n\n<p>Hold \u00f8je med denne side eller jeres Teams-gruppe, da vi l\u00f8bende vil opdatere med detaljer om de kommende sociale events. <\/p>\n","protected":false},"excerpt":{"rendered":"<p>Vi, ElCoS, har ogs\u00e5 planlagt en r\u00e6kke sp\u00e6ndende sociale events i l\u00f8bet af semesteret, som vi h\u00e5ber, I vil v\u00e6re med til at deltage i. Disse events vil omfatte forskellige sociale aktiviteter, hvor I har muligheden for at komme endnu t\u00e6ttere p\u00e5 jeres medstuderende, hygge jer og nyde en pause fra studierne. Vi h\u00e5ber p\u00e5 [&hellip;]<\/p>\n","protected":false},"author":1,"featured_media":0,"parent":0,"menu_order":0,"comment_status":"closed","ping_status":"closed","template":"","meta":{"footnotes":""},"class_list":["post-43","page","type-page","status-publish","hentry"],"_links":{"self":[{"href":"https:\/\/www.elcos.dk\/index.php?rest_route=\/wp\/v2\/pages\/43","targetHints":{"allow":["GET"]}}],"collection":[{"href":"https:\/\/www.elcos.dk\/index.php?rest_route=\/wp\/v2\/pages"}],"about":[{"href":"https:\/\/www.elcos.dk\/index.php?rest_route=\/wp\/v2\/types\/page"}],"author":[{"embeddable":true,"href":"https:\/\/www.elcos.dk\/index.php?rest_route=\/wp\/v2\/users\/1"}],"replies":[{"embeddable":true,"href":"https:\/\/www.elcos.dk\/index.php?rest_route=%2Fwp%2Fv2%2Fcomments&post=43"}],"version-history":[{"count":3,"href":"https:\/\/www.elcos.dk\/index.php?rest_route=\/wp\/v2\/pages\/43\/revisions"}],"predecessor-version":[{"id":518,"href":"https:\/\/www.elcos.dk\/index.php?rest_route=\/wp\/v2\/pages\/43\/revisions\/518"}],"wp:attachment":[{"href":"https:\/\/www.elcos.dk\/index.php?rest_route=%2Fwp%2Fv2%2Fmedia&parent=43"}],"curies":[{"name":"wp","href":"https:\/\/api.w.org\/{rel}","templated":true}]}}