{"id":45,"date":"2024-07-25T16:15:48","date_gmt":"2024-07-25T16:15:48","guid":{"rendered":"https:\/\/www.elcos.dk\/?page_id=45"},"modified":"2024-07-25T16:53:42","modified_gmt":"2024-07-25T16:53:42","slug":"faqs","status":"publish","type":"page","link":"https:\/\/www.elcos.dk\/?page_id=45","title":{"rendered":"FAQ&#8217;s"},"content":{"rendered":"\n<div class=\"wp-block-group alignfull has-base-2-background-color has-background has-global-padding is-layout-constrained wp-container-core-group-is-layout-669513ed wp-block-group-is-layout-constrained\" style=\"margin-top:0;margin-bottom:0;padding-top:var(--wp--preset--spacing--50);padding-right:var(--wp--preset--spacing--50);padding-bottom:var(--wp--preset--spacing--50);padding-left:var(--wp--preset--spacing--50)\">\n<div class=\"wp-block-group is-vertical is-content-justification-center is-layout-flex wp-container-core-group-is-layout-52b864f0 wp-block-group-is-layout-flex\">\n<h2 class=\"wp-block-heading has-text-align-center is-style-asterisk\">Ofte stillede sp\u00f8rgsm\u00e5l<\/h2>\n\n\n\n<div style=\"height:0px\" aria-hidden=\"true\" class=\"wp-block-spacer wp-container-content-4f2ccadb\"><\/div>\n\n\n\n<p class=\"has-text-align-center\">Har du sp\u00f8rgsm\u00e5l om dit studie, vores aktiviteter, eller livet som ingeni\u00f8rstuderende? Du er kommet til det rette sted! P\u00e5 denne FAQ-side har vi samlet de mest almindelige sp\u00f8rgsm\u00e5l og svar for at hj\u00e6lpe dig med at finde de oplysninger, du har brug for.<br><br>Hvis du ikke finder svaret p\u00e5 dit sp\u00f8rgsm\u00e5l her, er du altid velkommen til at kontakte os. Vi er her for at hj\u00e6lpe dig og sikre, at du f\u00e5r den bedste oplevelse som ingeni\u00f8rstuderende.<\/p>\n<\/div>\n\n\n\n<div style=\"margin-top:0;margin-bottom:0;height:var(--wp--preset--spacing--40)\" aria-hidden=\"true\" class=\"wp-block-spacer\"><\/div>\n\n\n\n<div class=\"wp-block-columns alignwide is-layout-flex wp-container-core-columns-is-layout-d0bbbce0 wp-block-columns-is-layout-flex\">\n<div class=\"wp-block-column is-layout-flow wp-container-core-column-is-layout-e3d1c41b wp-block-column-is-layout-flow\">\n<h3 class=\"wp-block-heading has-text-align-left is-style-asterisk has-body-font-family has-medium-font-size\" style=\"font-style:normal;font-weight:600\">Jeg har f\u00e5et ny computer, som ikke har Office-pakke p\u00e5. Skal jeg ud at investere i en selv, eller tilbyder Ingeni\u00f8rh\u00f8jskolen noget?<\/h3>\n\n\n\n<p class=\"has-text-align-left\"><em>Der er gratis Microsoft Office 365 til alle studerende p\u00e5 Aarhus Universitet. Se mere<\/em> <a href=\"https:\/\/studerende.au.dk\/it-support\/software\">her<\/a> om hvordan du henter office-pakken, og andre gratis softwareprogrammer.<\/p>\n\n\n\n<p>I studiestarten vil dine tutorer ogs\u00e5 afholde en IT-workshop hvor du f\u00e5r hj\u00e6lp til download af alle n\u00f8dvendige programmer.<\/p>\n<\/div>\n\n\n\n<div class=\"wp-block-column is-layout-flow wp-container-core-column-is-layout-e3d1c41b wp-block-column-is-layout-flow\">\n<h3 class=\"wp-block-heading has-text-align-left is-style-asterisk has-body-font-family has-medium-font-size\" style=\"font-style:normal;font-weight:600\">Hvorn\u00e5r starter undervisningen?<\/h3>\n\n\n\n<p class=\"has-text-align-left\">Studiestarten er bygget op s\u00e5ledes, at den f\u00f8rste dag (onsdag) varetages af tutorerne, hvor vi vil fors\u00f8ge at f\u00e5 jer godt i gang p\u00e5 et nyt sted med en masse nye mennesker. Torsdag og fredag har skolen ogs\u00e5 aktiviteter, som er af social karakter og faglig karakter, i den forstand, at I f\u00e5r hj\u00e6lp til installation af programmer og lignende, samt klargjort til den reelle undervisningsstart, som ligger den kommende mandag.<\/p>\n<\/div>\n\n\n\n<div class=\"wp-block-column is-layout-flow wp-container-core-column-is-layout-e3d1c41b wp-block-column-is-layout-flow\">\n<h3 class=\"wp-block-heading has-text-align-left is-style-asterisk has-body-font-family has-medium-font-size\" style=\"font-style:normal;font-weight:600\">Hvilken computer skal jeg k\u00f8be til studiet?<\/h3>\n\n\n\n<p class=\"has-text-align-left\"><em>Vi frar\u00e5der, at du k\u00f8ber en ny Mac<\/em>. De specielle programmer, som benyttes p\u00e5 uddannelsen er Windowsbaserede og k\u00f8rer bedst p\u00e5 en PC. <\/p>\n\n\n\n<p>St\u00e5r du og skal k\u00f8be en ny b\u00e6rbar PC, vil vi anbefale f\u00f8lgende:<\/p>\n\n\n\n<ul class=\"wp-block-list\">\n<li>K\u00f8b et anerkendt fabrikat<\/li>\n\n\n\n<li>512 GB SSD&nbsp; &nbsp;&nbsp;<\/li>\n\n\n\n<li>Minimum I5 CPU<\/li>\n\n\n\n<li>Windows styresystem af nyere dato<\/li>\n<\/ul>\n\n\n\n<p>Har du dog allerede har en Mac i forvejen, kan det dog v\u00e6re en mulighed at installere en virtuel Windows-klient p\u00e5 den. Du kan finde en guide til det <a href=\"https:\/\/studerende.au.dk\/it-support\/software\">her<\/a>.<\/p>\n<\/div>\n<\/div>\n\n\n\n<div style=\"height:var(--wp--preset--spacing--20)\" aria-hidden=\"true\" class=\"wp-block-spacer\"><\/div>\n\n\n\n<div class=\"wp-block-columns alignwide is-layout-flex wp-container-core-columns-is-layout-d0bbbce0 wp-block-columns-is-layout-flex\">\n<div class=\"wp-block-column is-layout-flow wp-container-core-column-is-layout-e3d1c41b wp-block-column-is-layout-flow\">\n<h3 class=\"wp-block-heading has-text-align-left is-style-asterisk has-body-font-family has-medium-font-size\" style=\"font-style:normal;font-weight:600\">Skal jeg have k\u00f8bt mine b\u00f8ger til studiestarten?<\/h3>\n\n\n\n<p>For introdagene i studiestarten er det ikke n\u00f8dvendigt at have k\u00f8bt alle b\u00f8ger. Vi vil i disse dage fokuserer prim\u00e6rt p\u00e5 at introducere jer til studiet og jeres medstuderende. Dog kan det v\u00e6re, at I f\u00e5r brug for b\u00f8gerne allerede p\u00e5 den f\u00f8rste undervisningsdag, s\u00e5 det kan v\u00e6re en god id\u00e9 at sikre, at unders\u00f8ge hvilke b\u00f8ger i skal bruge p\u00e5 forh\u00e5nd.<\/p>\n\n\n\n<p>Du kan finde en liste over de b\u00f8ger, du skal k\u00f8be, <a href=\"https:\/\/www.stakbogladen.dk\/boger\/diplomingenior-herning\/diplomingenior-aarhus\">her<\/a>. Derudover vil vi tutorer vise jer, hvor Stakbogladen ligger, hvor I kan k\u00f8be og hente jeres b\u00f8ger.<\/p>\n<\/div>\n\n\n\n<div class=\"wp-block-column is-layout-flow wp-container-core-column-is-layout-e3d1c41b wp-block-column-is-layout-flow\">\n<h3 class=\"wp-block-heading has-text-align-left is-style-asterisk has-body-font-family has-medium-font-size\" style=\"font-style:normal;font-weight:600\">Jeg er vegetar\/veganer\/har allergi over for xxx \u2013 vil jeg overhovedet kunne f\u00e5 noget at spise p\u00e5 rusturen eller i events i studiestarten?<\/h3>\n\n\n\n<p>Ja, vi tager naturligvis h\u00f8jde for allergier og s\u00e6rlige kostbehov som vegetariske eller veganske \u00f8nsker til b\u00e5de events i studiestarten og p\u00e5 rusturen. N\u00e5r du k\u00f8ber en billet til vores arrangementer, vil du have mulighed for at skrive en kommentar om eventuelle allergier eller kostbehov, du har.<\/p>\n\n\n\n<p>Hvis du har specifikke sp\u00f8rgsm\u00e5l eller behov, kan du ogs\u00e5 altid kontakte os direkte:<\/p>\n\n\n\n<ul class=\"wp-block-list\">\n<li>For madrelaterede sp\u00f8rgsm\u00e5l p\u00e5 rusturen, send en e-mail til <a>kok@elcos.dk<\/a>.<\/li>\n\n\n\n<li>For mad til events i studiestarten, send en e-mail til <a>event@elcos.dk<\/a>.<\/li>\n<\/ul>\n\n\n\n<p>Vi \u00f8nsker at sikre, at alle kan deltage og nyde vores arrangementer, og vi vil g\u00f8re vores bedste for at im\u00f8dekomme dine behov.<\/p>\n<\/div>\n\n\n\n<div class=\"wp-block-column is-layout-flow wp-container-core-column-is-layout-e3d1c41b wp-block-column-is-layout-flow\">\n<h3 class=\"wp-block-heading has-text-align-left is-style-asterisk has-body-font-family has-medium-font-size\" style=\"font-style:normal;font-weight:600\">Er det obligatorisk at deltage i introdagene eller g\u00e5r jeg glip af meget hvis jeg ikke m\u00f8der op?<\/h3>\n\n\n\n<p>Deltagelse i introdagene er ikke obligatorisk, men vi anbefaler det st\u00e6rkt. Introdagene giver dig vigtig introduktion til studiet, herunder information om, hvordan undervisningen er tilrettelagt, hvor undervisningen foreg\u00e5r, og hvilke mange foreninger du kan melde dig ind i etc.<\/p>\n\n\n\n<p>Derudover er det en fantastisk mulighed for at m\u00f8de og l\u00e6re dine medstuderende at kende. <\/p>\n\n\n\n<p>Kort sagt, introdagene er essentielle for at f\u00e5 en god start p\u00e5 studiet, og vi opfordrer alle til at deltage for at f\u00e5 den bedst mulige oplevelse fra starten af.<\/p>\n<\/div>\n<\/div>\n<\/div>\n","protected":false},"excerpt":{"rendered":"<p>Ofte stillede sp\u00f8rgsm\u00e5l Har du sp\u00f8rgsm\u00e5l om dit studie, vores aktiviteter, eller livet som ingeni\u00f8rstuderende? Du er kommet til det rette sted! P\u00e5 denne FAQ-side har vi samlet de mest almindelige sp\u00f8rgsm\u00e5l og svar for at hj\u00e6lpe dig med at finde de oplysninger, du har brug for. Hvis du ikke finder svaret p\u00e5 dit sp\u00f8rgsm\u00e5l [&hellip;]<\/p>\n","protected":false},"author":1,"featured_media":0,"parent":0,"menu_order":0,"comment_status":"closed","ping_status":"closed","template":"","meta":{"footnotes":""},"class_list":["post-45","page","type-page","status-publish","hentry"],"_links":{"self":[{"href":"https:\/\/www.elcos.dk\/index.php?rest_route=\/wp\/v2\/pages\/45","targetHints":{"allow":["GET"]}}],"collection":[{"href":"https:\/\/www.elcos.dk\/index.php?rest_route=\/wp\/v2\/pages"}],"about":[{"href":"https:\/\/www.elcos.dk\/index.php?rest_route=\/wp\/v2\/types\/page"}],"author":[{"embeddable":true,"href":"https:\/\/www.elcos.dk\/index.php?rest_route=\/wp\/v2\/users\/1"}],"replies":[{"embeddable":true,"href":"https:\/\/www.elcos.dk\/index.php?rest_route=%2Fwp%2Fv2%2Fcomments&post=45"}],"version-history":[{"count":1,"href":"https:\/\/www.elcos.dk\/index.php?rest_route=\/wp\/v2\/pages\/45\/revisions"}],"predecessor-version":[{"id":46,"href":"https:\/\/www.elcos.dk\/index.php?rest_route=\/wp\/v2\/pages\/45\/revisions\/46"}],"wp:attachment":[{"href":"https:\/\/www.elcos.dk\/index.php?rest_route=%2Fwp%2Fv2%2Fmedia&parent=45"}],"curies":[{"name":"wp","href":"https:\/\/api.w.org\/{rel}","templated":true}]}}