{"id":55,"date":"2024-07-25T16:53:52","date_gmt":"2024-07-25T16:53:52","guid":{"rendered":"https:\/\/www.elcos.dk\/?page_id=55"},"modified":"2026-03-08T12:19:45","modified_gmt":"2026-03-08T12:19:45","slug":"kontakt-os","status":"publish","type":"page","link":"https:\/\/www.elcos.dk\/?page_id=55","title":{"rendered":"Kontakt os"},"content":{"rendered":"\n<p>Vi er her for at hj\u00e6lpe dig med alle dine sp\u00f8rgsm\u00e5l og for at sikre, at din studiestart bliver s\u00e5 god som muligt. Hvis du har generelle sp\u00f8rgsm\u00e5l om studiet eller specifikke sp\u00f8rgsm\u00e5l vedr\u00f8rende studiestarten, er du velkommen til at kontakte os.<\/p>\n\n\n\n<p><strong>E-mail:<\/strong><\/p>\n\n\n\n<ul class=\"wp-block-list\">\n<li>For generelle sp\u00f8rgsm\u00e5l og sp\u00f8rgsm\u00e5l vedr\u00f8rende studiestarten: <a>pr@elcos.dk<\/a><\/li>\n\n\n\n<li>For at kontakte formandsgruppen: <a>mail@elcos.dk<\/a><\/li>\n<\/ul>\n\n\n\n<p>Du kan ogs\u00e5 sende os en besked p\u00e5 vores Facebook- eller Instagram-side. Vi tjekker b\u00e5de beskeder og e-mails l\u00f8bende, s\u00e5 du kan forvente en hurtig respons.<\/p>\n\n\n\n<p><strong>Telefon:<\/strong><\/p>\n\n\n\n<ul class=\"wp-block-list\">\n<li>Du kan ogs\u00e5 ringe til vores formand, Katrine, p\u00e5 +45 20 33 66 90<\/li>\n<\/ul>\n\n\n\n<p>Vi ser frem til at h\u00f8re fra dig og hj\u00e6lpe dig med alt, hvad du m\u00e5tte have brug for!<\/p>\n\n\n\n<p><\/p>\n","protected":false},"excerpt":{"rendered":"<p>Vi er her for at hj\u00e6lpe dig med alle dine sp\u00f8rgsm\u00e5l og for at sikre, at din studiestart bliver s\u00e5 god som muligt. Hvis du har generelle sp\u00f8rgsm\u00e5l om studiet eller specifikke sp\u00f8rgsm\u00e5l vedr\u00f8rende studiestarten, er du velkommen til at kontakte os. E-mail: Du kan ogs\u00e5 sende os en besked p\u00e5 vores Facebook- eller Instagram-side. [&hellip;]<\/p>\n","protected":false},"author":1,"featured_media":0,"parent":0,"menu_order":0,"comment_status":"closed","ping_status":"closed","template":"","meta":{"footnotes":""},"class_list":["post-55","page","type-page","status-publish","hentry"],"_links":{"self":[{"href":"https:\/\/www.elcos.dk\/index.php?rest_route=\/wp\/v2\/pages\/55","targetHints":{"allow":["GET"]}}],"collection":[{"href":"https:\/\/www.elcos.dk\/index.php?rest_route=\/wp\/v2\/pages"}],"about":[{"href":"https:\/\/www.elcos.dk\/index.php?rest_route=\/wp\/v2\/types\/page"}],"author":[{"embeddable":true,"href":"https:\/\/www.elcos.dk\/index.php?rest_route=\/wp\/v2\/users\/1"}],"replies":[{"embeddable":true,"href":"https:\/\/www.elcos.dk\/index.php?rest_route=%2Fwp%2Fv2%2Fcomments&post=55"}],"version-history":[{"count":5,"href":"https:\/\/www.elcos.dk\/index.php?rest_route=\/wp\/v2\/pages\/55\/revisions"}],"predecessor-version":[{"id":575,"href":"https:\/\/www.elcos.dk\/index.php?rest_route=\/wp\/v2\/pages\/55\/revisions\/575"}],"wp:attachment":[{"href":"https:\/\/www.elcos.dk\/index.php?rest_route=%2Fwp%2Fv2%2Fmedia&parent=55"}],"curies":[{"name":"wp","href":"https:\/\/api.w.org\/{rel}","templated":true}]}}