{"id":69,"date":"2024-07-25T19:53:37","date_gmt":"2024-07-25T19:53:37","guid":{"rendered":"https:\/\/www.elcos.dk\/?page_id=69"},"modified":"2026-03-08T12:05:23","modified_gmt":"2026-03-08T12:05:23","slug":"facebookgrupper","status":"publish","type":"page","link":"https:\/\/www.elcos.dk\/?page_id=69","title":{"rendered":"Teams grupper"},"content":{"rendered":"\n<p>Starter du p\u00e5 en af ECE&#8217;s ingeni\u00f8ruddannelser i sommeren 2026, s\u00e5 bliver du automatisk tilf\u00f8jet til en Teams gruppe for studiestarten! Du kan finde den ved at logge ind p\u00e5 Microsoft Teams med din nye studiemail.<\/p>\n\n\n\n<p>Her vil der under studiestarten komme opdateringer fra os og efterf\u00f8lgende kan I bruge den som I har lyst.<\/p>\n\n\n\n<p><\/p>\n\n\n\n<div class=\"wp-block-group has-global-padding is-layout-constrained wp-block-group-is-layout-constrained\">\n<div class=\"wp-block-columns is-layout-flex wp-container-core-columns-is-layout-28f84493 wp-block-columns-is-layout-flex\">\n<div class=\"wp-block-column is-layout-flow wp-block-column-is-layout-flow\" style=\"flex-basis:100%\">\n<figure class=\"wp-block-gallery aligncenter has-nested-images columns-default is-cropped wp-block-gallery-1 is-layout-flex wp-block-gallery-is-layout-flex\"><\/figure>\n<\/div>\n<\/div>\n<\/div>\n","protected":false},"excerpt":{"rendered":"<p>Starter du p\u00e5 en af ECE&#8217;s ingeni\u00f8ruddannelser i sommeren 2026, s\u00e5 bliver du automatisk tilf\u00f8jet til en Teams gruppe for studiestarten! Du kan finde den ved at logge ind p\u00e5 Microsoft Teams med din nye studiemail. Her vil der under studiestarten komme opdateringer fra os og efterf\u00f8lgende kan I bruge den som I har lyst.<\/p>\n","protected":false},"author":1,"featured_media":0,"parent":0,"menu_order":0,"comment_status":"closed","ping_status":"closed","template":"","meta":{"footnotes":""},"class_list":["post-69","page","type-page","status-publish","hentry"],"_links":{"self":[{"href":"https:\/\/www.elcos.dk\/index.php?rest_route=\/wp\/v2\/pages\/69","targetHints":{"allow":["GET"]}}],"collection":[{"href":"https:\/\/www.elcos.dk\/index.php?rest_route=\/wp\/v2\/pages"}],"about":[{"href":"https:\/\/www.elcos.dk\/index.php?rest_route=\/wp\/v2\/types\/page"}],"author":[{"embeddable":true,"href":"https:\/\/www.elcos.dk\/index.php?rest_route=\/wp\/v2\/users\/1"}],"replies":[{"embeddable":true,"href":"https:\/\/www.elcos.dk\/index.php?rest_route=%2Fwp%2Fv2%2Fcomments&post=69"}],"version-history":[{"count":12,"href":"https:\/\/www.elcos.dk\/index.php?rest_route=\/wp\/v2\/pages\/69\/revisions"}],"predecessor-version":[{"id":570,"href":"https:\/\/www.elcos.dk\/index.php?rest_route=\/wp\/v2\/pages\/69\/revisions\/570"}],"wp:attachment":[{"href":"https:\/\/www.elcos.dk\/index.php?rest_route=%2Fwp%2Fv2%2Fmedia&parent=69"}],"curies":[{"name":"wp","href":"https:\/\/api.w.org\/{rel}","templated":true}]}}